{"id":727,"date":"2025-06-06T13:18:14","date_gmt":"2025-06-06T11:18:14","guid":{"rendered":"https:\/\/nolabel.043test.nl\/?page_id=727"},"modified":"2025-06-06T13:19:26","modified_gmt":"2025-06-06T11:19:26","slug":"politique-en-matiere-de-cookies","status":"publish","type":"page","link":"https:\/\/nolabel.nu\/fr\/cookiebeleid\/","title":{"rendered":"Politique en mati\u00e8re de cookies"},"content":{"rendered":"<div data-elementor-type=\"wp-page\" data-elementor-id=\"727\" class=\"elementor elementor-727\" data-elementor-post-type=\"page\">\n\t\t\t\t<div class=\"elementor-element elementor-element-40ab1f78 e-flex e-con-boxed e-con e-parent\" data-id=\"40ab1f78\" data-element_type=\"container\" data-e-type=\"container\" data-settings=\"{&quot;background_background&quot;:&quot;classic&quot;,&quot;jet_parallax_layout_list&quot;:[]}\">\n\t\t\t\t\t<div class=\"e-con-inner\">\n\t\t\t\t\t<\/div>\n\t\t\t\t<\/div>\n\t\t<div class=\"elementor-element elementor-element-546ef899 e-flex e-con-boxed e-con e-parent\" data-id=\"546ef899\" data-element_type=\"container\" data-e-type=\"container\" data-settings=\"{&quot;jet_parallax_layout_list&quot;:[]}\">\n\t\t\t\t\t<div class=\"e-con-inner\">\n\t\t<div class=\"elementor-element elementor-element-7d315481 e-con-full e-flex e-con e-child\" data-id=\"7d315481\" data-element_type=\"container\" data-e-type=\"container\" data-settings=\"{&quot;jet_parallax_layout_list&quot;:[]}\">\n\t\t\t\t<div class=\"elementor-element elementor-element-4a6a4aa7 elementor-widget elementor-widget-heading\" data-id=\"4a6a4aa7\" data-element_type=\"widget\" data-e-type=\"widget\" data-widget_type=\"heading.default\">\n\t\t\t\t<div class=\"elementor-widget-container\">\n\t\t\t\t\t<h2 class=\"elementor-heading-title elementor-size-default\">Version dat\u00e9e du 7-7-2018<\/h2>\t\t\t\t<\/div>\n\t\t\t\t<\/div>\n\t\t\t\t<div class=\"elementor-element elementor-element-712cec elementor-widget elementor-widget-heading\" data-id=\"712cec\" data-element_type=\"widget\" data-e-type=\"widget\" data-widget_type=\"heading.default\">\n\t\t\t\t<div class=\"elementor-widget-container\">\n\t\t\t\t\t<h2 class=\"elementor-heading-title elementor-size-default\">Politique en mati\u00e8re de cookies<\/h2>\t\t\t\t<\/div>\n\t\t\t\t<\/div>\n\t\t\t\t<div class=\"elementor-element elementor-element-e73521b elementor-widget elementor-widget-text-editor\" data-id=\"e73521b\" data-element_type=\"widget\" data-e-type=\"widget\" data-widget_type=\"text-editor.default\">\n\t\t\t\t<div class=\"elementor-widget-container\">\n\t\t\t\t\t\t\t\t\t<p>Nolabel Interieur &amp; Lifestyle utilise des cookies et d'autres techniques sur son site web et ses sites connexes (ci-apr\u00e8s d\u00e9nomm\u00e9s le \"site web\"). Parce que nous voulons garantir votre vie priv\u00e9e et am\u00e9liorer la convivialit\u00e9 de votre (vos) visite(s) sur notre site web, nous pensons qu'il est important que vous sachiez comment et pourquoi nous utilisons des cookies. Vous trouverez ci-dessous le plus d'informations possible sur l'utilisation de ces techniques, y compris les cookies par\u00a0<a href=\"https:\/\/nolabel.nu\/fr\/\">www.nolabel.nu<\/a>.<\/p><p>Qui est responsable du traitement de vos donn\u00e9es ?<br \/>Nolabel Interieur &amp; Lifestyle, situ\u00e9 \u00e0 Minckelersstraat 10 \u00e0 Maastricht, est le contr\u00f4leur des donn\u00e9es tel que d\u00e9crit dans la pr\u00e9sente politique en mati\u00e8re de cookies.<\/p><h3>Qu'est-ce qu'un biscuit ?<\/h3><p>Les cookies sont de petits fichiers texte simples que votre ordinateur ou votre appareil mobile stocke lorsque vous utilisez notre site web. Il existe \u00e9galement des techniques similaires aux cookies qui permettent d'obtenir les m\u00eames r\u00e9sultats.<\/p><h3>Quelles sont les autres techniques de type \"cookie\" ?<\/h3><p>Le stockage local et le stockage de session sont des techniques Internet standard qui fonctionnent parfois avec des cookies pour permettre \u00e0 un syst\u00e8me de collecter puis d'envoyer des informations. Les cookies et autres techniques sont utilis\u00e9s sur tous les sites web existants. En utilisant des cookies et d'autres techniques, nous nous assurons, par exemple, que :<\/p><ul><li>La navigation sur le site web de Nolabel Interior &amp; Lifestyle est plus agr\u00e9able et plus facile pour vous ;<\/li><li>Vous ne recevez pas et ne devez pas saisir les m\u00eames informations \u00e0 chaque fois que vous visitez notre site web ;<\/li><li>Nous pouvons vous offrir des fonctionnalit\u00e9s sp\u00e9ciales telles que la liste de souhaits ou le panier d'achat ;<\/li><li>Nous pouvons mesurer l'utilisation de notre site web et d\u00e9terminer les domaines dans lesquels nous pouvons encore l'am\u00e9liorer ;<\/li><li>Nous pouvons reconna\u00eetre l'appareil que vous utilisez lorsque vous nous rendez visite ;<\/li><\/ul><h3><br \/>Cookies de tiers<\/h3><p>Des cookies de tiers sont \u00e9galement install\u00e9s sur notre site web. L'utilisation de cookies par d'autres entreprises est soumise \u00e0 la politique de confidentialit\u00e9 et de cookies de l'entreprise concern\u00e9e.<\/p><h3>Quels sont les cookies que nous utilisons ? En bref :<\/h3><p>Cookies fonctionnels ou cookies n\u00e9cessaires<br \/>Les cookies fonctionnels garantissent le bon fonctionnement de notre site web. Pensez \u00e0 des fonctionnalit\u00e9s telles que la m\u00e9morisation des donn\u00e9es que vous utilisez dans un formulaire afin qu'elles puissent \u00eatre compl\u00e9t\u00e9es.<\/p><p>Cookies analytiques<br \/>Les cookies analytiques nous permettent de collecter des statistiques sur l'utilisation de notre site web avec l'aide de tiers. En mesurant l'utilisation du site web, nous pouvons continuer \u00e0 l'am\u00e9liorer au profit de nos utilisateurs.<\/p><p>Cookies marketing<br \/>Des tiers peuvent placer des cookies de marketing sur notre site web. Nous pouvons utiliser les informations provenant de ces cookies de marketing. Nous le faisons afin de pouvoir vous fournir les informations les plus pertinentes possibles en fonction de votre comportement de navigation, de recherche et d'achat en ligne.<\/p><h3>Cookies fonctionnels ou n\u00e9cessaires<\/h3><p>Les cookies fonctionnels ou n\u00e9cessaires assurent le bon fonctionnement du site web de Nolabel Interieur &amp; Lifestyle. En voici quelques exemples :<br \/>M\u00e9moriser et sauvegarder les articles que vous ajoutez \u00e0 votre liste de souhaits ;<br \/>Fournir une notification lorsqu'une commande n'est pas termin\u00e9e afin de ne pas perdre d'articles dans le panier d'achat ;<br \/>Enregistrement des param\u00e8tres du navigateur afin que vous puissiez visualiser notre site web de mani\u00e8re optimale sur votre \u00e9cran ;<br \/>La possibilit\u00e9 d'enregistrer vos donn\u00e9es de connexion afin de ne pas avoir \u00e0 les saisir \u00e0 nouveau \u00e0 chaque fois ;<br \/>La possibilit\u00e9 de r\u00e9pondre aux messages publi\u00e9s sur notre site web ;<br \/>Une charge r\u00e9guli\u00e8re du site web afin qu'il soit facilement accessible et qu'il continue \u00e0 fonctionner de mani\u00e8re optimale ;<br \/>D\u00e9tecter d'\u00e9ventuels abus ou probl\u00e8mes potentiels sur notre site web, par exemple en enregistrant des \u00e9checs cons\u00e9cutifs de tentatives de connexion.<\/p><h3>Cookies analytiques<\/h3><p>Nous utilisons, avec l'aide de tiers, des cookies analytiques pour \u00e9tudier l'utilisation du site web. Ces statistiques nous permettent notamment de savoir \u00e0 quelle fr\u00e9quence nous sommes visit\u00e9s et o\u00f9 nous pouvons am\u00e9liorer notre site web. Cela nous permet d'optimiser en permanence l'exp\u00e9rience de notre site web. Les donn\u00e9es suivantes sont notamment stock\u00e9es :<\/p><ul><li>Adresse IP anonymis\u00e9e ;<\/li><li>Caract\u00e9ristiques techniques, telles que le navigateur que vous utilisez (Chrome, Safari ou Firefox), la r\u00e9solution de votre \u00e9cran d'ordinateur, votre pr\u00e9f\u00e9rence linguistique et l'appareil que vous utilisez ;<\/li><li>La page \u00e0 partir de laquelle vous avez acc\u00e9d\u00e9 au site ;<\/li><li>Quand et pendant combien de temps vous visitez ou utilisez le site web ;<\/li><li>L'utilisation des fonctionnalit\u00e9s du site web. Par exemple, \u00e9tablir une liste de souhaits, passer une commande ou consulter des achats ant\u00e9rieurs ;<\/li><li>Les pages que vous visitez sur notre site web.<\/li><li>Nous utilisons ces cookies, par exemple, pour :<\/li><li>Suivre le nombre de visiteurs sur notre site web ;<\/li><li>Mesurer la dur\u00e9e d'une visite ;<\/li><li>D\u00e9terminer l'ordre dans lequel un visiteur consulte les diff\u00e9rentes pages de notre site web.<\/li><\/ul><h3>Cookies marketing<\/h3><p>En ce qui concerne les cookies plac\u00e9s par des parties \u00e0 des fins de marketing, veuillez vous r\u00e9f\u00e9rer aux d\u00e9clarations figurant sur les sites web de ces parties. Ces d\u00e9clarations pouvant \u00eatre modifi\u00e9es r\u00e9guli\u00e8rement, nous vous conseillons de consulter r\u00e9guli\u00e8rement ces d\u00e9clarations relatives \u00e0 la protection de la vie priv\u00e9e et aux cookies. Les parties suivantes placent des cookies et\/ou d'autres techniques sur notre site web :<\/p><ul><li><a href=\"https:\/\/www.google.com\/policies\/privacy\/\" target=\"_blank\" rel=\"noopener\">Google<\/a><\/li><li><a href=\"https:\/\/www.facebook.com\/privacy\/explanation\" target=\"_blank\" rel=\"noopener\">Facebook<\/a><\/li><\/ul><p><br \/>Pour g\u00e9rer vos param\u00e8tres concernant les cookies de marketing avec d'autres parties, veuillez vous r\u00e9f\u00e9rer \u00e0 leurs sites web :<\/p><ul><li><a href=\"https:\/\/www.google.com\/policies\/privacy\/\" target=\"_blank\" rel=\"noopener\">Google<\/a><\/li><li><a href=\"https:\/\/www.facebook.com\/privacy\/explanation\" target=\"_blank\" rel=\"noopener\">Facebook<\/a><\/li><\/ul><p><br \/>Nous n'utilisons des cookies de marketing que si vous avez donn\u00e9 votre accord. Vous pouvez voir comment refuser ces cookies dans les param\u00e8tres du navigateur ci-dessous.<\/p><h3>Param\u00e8tres du navigateur<\/h3><p>Si vous ne souhaitez pas que les sites web puissent stocker des cookies sur votre ordinateur, vous pouvez modifier les param\u00e8tres de votre navigateur. Vous recevrez alors un avertissement avant que des cookies ne soient plac\u00e9s. Vous pouvez \u00e9galement param\u00e9trer votre navigateur de mani\u00e8re \u00e0 ce qu'il refuse tous les cookies ou uniquement les cookies de tiers. Vous pouvez \u00e9galement supprimer les cookies qui ont d\u00e9j\u00e0 \u00e9t\u00e9 plac\u00e9s. Veuillez noter que vous devez ajuster les param\u00e8tres s\u00e9par\u00e9ment pour chaque navigateur sur chaque appareil que vous utilisez. Veuillez noter que si vous ne souhaitez pas utiliser de cookies, nous ne pouvons malheureusement pas garantir le bon fonctionnement de notre site web. Il se peut que certaines fonctions du site soient perdues ou que vous ne puissiez pas voir certaines pages. En outre, le fait de refuser les cookies ne signifie pas que vous ne verrez plus de publicit\u00e9s. Les publicit\u00e9s ne seront simplement plus adapt\u00e9es \u00e0 vos int\u00e9r\u00eats et seront r\u00e9p\u00e9t\u00e9es plus souvent. La mani\u00e8re d'ajuster vos param\u00e8tres varie d'un navigateur \u00e0 l'autre. Cliquez sur l'un des liens ci-dessous pour acc\u00e9der directement au manuel de votre navigateur ou, le cas \u00e9ch\u00e9ant, consultez la fonction d'aide de votre navigateur.<\/p><ul><li><a href=\"https:\/\/support.google.com\/chrome\/answer\/95647?hl=nl\" target=\"_blank\" rel=\"noopener\">Chrome<\/a><\/li><li><a href=\"https:\/\/support.apple.com\/nl-nl\/HT201265\" target=\"_blank\" rel=\"noopener\">Safari<\/a><\/li><li><a href=\"https:\/\/support.mozilla.org\/nl\/kb\/cookies-verwijderen-gegevens-wissen-websites-opgeslagen\" target=\"_blank\" rel=\"noopener\">Firefox<\/a><\/li><li><a href=\"https:\/\/privacy.microsoft.com\/nl-nl\/windows-10-microsoft-edge-and-privacy\" target=\"_blank\" rel=\"noopener\">Internet Explorer Edge<\/a><\/li><\/ul><p><br \/>Si vous souhaitez d\u00e9sactiver les cookies de certaines parties, vous pouvez le faire via\u00a0<a href=\"https:\/\/nolabel.nu\/fr\/node\/www.youronlinechoices.com\/\">www.youronlinechoices.com<\/a>.<\/p><h3>Supprimer l'historique des cookies<\/h3><p>Si vous souhaitez supprimer votre historique de cookies, vous pouvez le faire pour diff\u00e9rents navigateurs de la mani\u00e8re suivante.<br \/>Supprimer les cookies dans Chrome :<br \/>Cliquez sur les 3 points, en haut \u00e0 droite. Cliquez sur Historique &gt; Historique &gt; Effacer les donn\u00e9es de navigation.<br \/>Dans le menu \"Effacer les donn\u00e9es de navigation\", vous avez la possibilit\u00e9 d'effacer les donn\u00e9es de navigation depuis la premi\u00e8re utilisation jusqu'\u00e0 la derni\u00e8re heure. En dessous, vous pouvez choisir les \u00e9l\u00e9ments que vous souhaitez supprimer. Dans tous les cas, cochez la case \"Cookies et autres donn\u00e9es de sites et de plugins\".<br \/>Appuyez sur le bouton \"Effacer les donn\u00e9es de navigation\".<\/p><p>Supprimer les cookies dans Safari :<br \/>Ouvrez Safari et allez dans Safari &gt; Pr\u00e9f\u00e9rences &gt; Confidentialit\u00e9 &gt; Supprimer les cookies et donn\u00e9es enregistr\u00e9s &gt; G\u00e9rer les donn\u00e9es des sites web &gt; Supprimer tout.<\/p><p>Supprimer les cookies dans Firefox :<br \/>Cliquez sur les 3 tirets en haut \u00e0 droite, cliquez sur Options &gt; Confidentialit\u00e9 &gt; Supprimer les cookies individuels.<br \/>Cliquez sur \"Supprimer tout\".<\/p><p>Supprimer les cookies dans Microsoft Edge :<br \/>Cliquez sur les 3 points en haut \u00e0 droite &gt; Param\u00e8tres. Sous \"Supprimer les donn\u00e9es de navigation\", cliquez sur l'option \"Choisir ce qui doit \u00eatre supprim\u00e9\".<br \/>S\u00e9lectionnez les cookies (pr\u00e9s\u00e9lectionn\u00e9s) &gt; Appuyez sur le bouton \"Supprimer\".<\/p><p>Supprimer les cookies dans Internet Explorer :<br \/>Cliquez sur la roue dent\u00e9e en haut \u00e0 droite &gt; choisissez Options Internet &gt; onglet G\u00e9n\u00e9ral. Sous \"Historique de navigation\", cliquez sur \"Supprimer\".<br \/>Vous ne voulez pas tout supprimer ? Cochez au moins la case \"Cookies et donn\u00e9es du site web\" et cliquez sur \"Supprimer\".<\/p><h3>La politique de confidentialit\u00e9 de Nolabel Interieur &amp; Lifestyle<\/h3><p>Avec l'utilisation de certains cookies, les donn\u00e9es personnelles sont \u00e9galement trait\u00e9es comme vous l'avez lu ci-dessus. Vous trouverez de plus amples informations sur la mani\u00e8re dont Nolabel Interieur &amp; Lifestyle traite vos donn\u00e9es dans notre politique de confidentialit\u00e9.<\/p><h3>Remarques finales<\/h3><p>Nous mettons \u00e0 jour notre politique en mati\u00e8re de cookies lorsque notre site web ou les r\u00e8gles relatives aux cookies changent. Vous pouvez consulter la version actuelle de cette politique en mati\u00e8re de cookies en cliquant sur le lien vers la politique de Nolabel Interieur &amp; Lifestyle en mati\u00e8re de cookies au bas de chaque page.<\/p>\t\t\t\t\t\t\t\t<\/div>\n\t\t\t\t<\/div>\n\t\t\t\t<\/div>\n\t\t\t\t\t<\/div>\n\t\t\t\t<\/div>\n\t\t\t\t<\/div>","protected":false},"excerpt":{"rendered":"<p>Versie van 7-7-2018 Cookie beleid Nolabel Interieur &amp; Lifestyle maakt gebruik van cookies en overige technieken op zijn website en aanverwante sites (hierna de \u2018website\u2019). Omdat wij jouw privacy willen waarborgen \u00e9n de gebruiksvriendelijkheid van je bezoek(en) aan onze website willen verbeteren, vinden wij het belangrijk dat je weet hoe en waarom wij cookies gebruiken. [&hellip;]<\/p>\n","protected":false},"author":1,"featured_media":0,"parent":0,"menu_order":0,"comment_status":"closed","ping_status":"closed","template":"","meta":{"footnotes":""},"class_list":["post-727","page","type-page","status-publish","hentry"],"_links":{"self":[{"href":"https:\/\/nolabel.nu\/fr\/wp-json\/wp\/v2\/pages\/727","targetHints":{"allow":["GET"]}}],"collection":[{"href":"https:\/\/nolabel.nu\/fr\/wp-json\/wp\/v2\/pages"}],"about":[{"href":"https:\/\/nolabel.nu\/fr\/wp-json\/wp\/v2\/types\/page"}],"author":[{"embeddable":true,"href":"https:\/\/nolabel.nu\/fr\/wp-json\/wp\/v2\/users\/1"}],"replies":[{"embeddable":true,"href":"https:\/\/nolabel.nu\/fr\/wp-json\/wp\/v2\/comments?post=727"}],"version-history":[{"count":4,"href":"https:\/\/nolabel.nu\/fr\/wp-json\/wp\/v2\/pages\/727\/revisions"}],"predecessor-version":[{"id":731,"href":"https:\/\/nolabel.nu\/fr\/wp-json\/wp\/v2\/pages\/727\/revisions\/731"}],"wp:attachment":[{"href":"https:\/\/nolabel.nu\/fr\/wp-json\/wp\/v2\/media?parent=727"}],"curies":[{"name":"wp","href":"https:\/\/api.w.org\/{rel}","templated":true}]}}