{"id":727,"date":"2025-06-06T13:18:14","date_gmt":"2025-06-06T11:18:14","guid":{"rendered":"https:\/\/nolabel.043test.nl\/?page_id=727"},"modified":"2025-06-06T13:19:26","modified_gmt":"2025-06-06T11:19:26","slug":"cookie-richtlinie","status":"publish","type":"page","link":"https:\/\/nolabel.nu\/de\/cookiebeleid\/","title":{"rendered":"Cookie-Politik"},"content":{"rendered":"<style>.elementor-727 .elementor-element.elementor-element-40ab1f78{--display:flex;--flex-direction:column;--container-widget-width:100%;--container-widget-height:initial;--container-widget-flex-grow:0;--container-widget-align-self:initial;--flex-wrap-mobile:wrap;--overlay-opacity:0.29;--margin-top:-110px;--margin-bottom:0px;--margin-left:0px;--margin-right:0px;--padding-top:240px;--padding-bottom:180px;--padding-left:0px;--padding-right:0px;}.elementor-727 .elementor-element.elementor-element-40ab1f78:not(.elementor-motion-effects-element-type-background), .elementor-727 .elementor-element.elementor-element-40ab1f78 > .elementor-motion-effects-container > .elementor-motion-effects-layer{background-image:url(\"https:\/\/nolabel.nu\/wp-content\/uploads\/2025\/06\/interieur.jpg\");background-position:center center;background-repeat:no-repeat;background-size:cover;}.elementor-727 .elementor-element.elementor-element-40ab1f78::before, .elementor-727 .elementor-element.elementor-element-40ab1f78 > .elementor-background-video-container::before, .elementor-727 .elementor-element.elementor-element-40ab1f78 > .e-con-inner > .elementor-background-video-container::before, .elementor-727 .elementor-element.elementor-element-40ab1f78 > .elementor-background-slideshow::before, .elementor-727 .elementor-element.elementor-element-40ab1f78 > .e-con-inner > .elementor-background-slideshow::before, .elementor-727 .elementor-element.elementor-element-40ab1f78 > .elementor-motion-effects-container > .elementor-motion-effects-layer::before{--background-overlay:'';background-color:var( --e-global-color-primary );}.elementor-727 .elementor-element.elementor-element-546ef899{--display:flex;--flex-direction:row;--container-widget-width:calc( ( 1 - var( --container-widget-flex-grow ) ) * 100% );--container-widget-height:100%;--container-widget-flex-grow:1;--container-widget-align-self:stretch;--flex-wrap-mobile:wrap;--align-items:center;--gap:70px 70px;--row-gap:70px;--column-gap:70px;--margin-top:0px;--margin-bottom:0px;--margin-left:0px;--margin-right:0px;--padding-top:100px;--padding-bottom:100px;--padding-left:0px;--padding-right:0px;}.elementor-727 .elementor-element.elementor-element-7d315481{--display:flex;--justify-content:center;--gap:10px 10px;--row-gap:10px;--column-gap:10px;--padding-top:0px;--padding-bottom:0px;--padding-left:0px;--padding-right:0px;}.elementor-727 .elementor-element.elementor-element-4a6a4aa7 .elementor-heading-title{font-family:var( --e-global-typography-c300c25-font-family ), sans-serif;font-size:var( --e-global-typography-c300c25-font-size );font-weight:var( --e-global-typography-c300c25-font-weight );text-transform:var( --e-global-typography-c300c25-text-transform );line-height:var( --e-global-typography-c300c25-line-height );letter-spacing:var( --e-global-typography-c300c25-letter-spacing );word-spacing:var( --e-global-typography-c300c25-word-spacing );color:var( --e-global-color-accent );}.elementor-727 .elementor-element.elementor-element-4a6a4aa7 > .elementor-widget-container{margin:0px 0px 0px 0px;padding:0px 0px 0px 0px;}.elementor-727 .elementor-element.elementor-element-712cec .elementor-heading-title{font-family:var( --e-global-typography-secondary-font-family ), sans-serif;font-size:var( --e-global-typography-secondary-font-size );font-weight:var( --e-global-typography-secondary-font-weight );text-transform:var( --e-global-typography-secondary-text-transform );line-height:var( --e-global-typography-secondary-line-height );letter-spacing:var( --e-global-typography-secondary-letter-spacing );color:var( --e-global-color-primary );}.elementor-727 .elementor-element.elementor-element-e73521b{font-family:var( --e-global-typography-text-font-family ), sans-serif;font-size:var( --e-global-typography-text-font-size );font-weight:var( --e-global-typography-text-font-weight );text-transform:var( --e-global-typography-text-text-transform );line-height:var( --e-global-typography-text-line-height );color:var( --e-global-color-text );}.elementor-727 .elementor-element.elementor-element-e73521b > .elementor-widget-container{padding:10px 0px 0px 0px;}@media(min-width:768px){.elementor-727 .elementor-element.elementor-element-40ab1f78{--content-width:1200px;}}@media(max-width:1024px){.elementor-727 .elementor-element.elementor-element-40ab1f78{--padding-top:100px;--padding-bottom:100px;--padding-left:100px;--padding-right:100px;}.elementor-727 .elementor-element.elementor-element-546ef899{--flex-direction:column-reverse;--container-widget-width:100%;--container-widget-height:initial;--container-widget-flex-grow:0;--container-widget-align-self:initial;--flex-wrap-mobile:wrap;--gap:40px 40px;--row-gap:40px;--column-gap:40px;--padding-top:40px;--padding-bottom:40px;--padding-left:20px;--padding-right:20px;}.elementor-727 .elementor-element.elementor-element-4a6a4aa7 .elementor-heading-title{font-size:var( --e-global-typography-c300c25-font-size );line-height:var( --e-global-typography-c300c25-line-height );letter-spacing:var( --e-global-typography-c300c25-letter-spacing );word-spacing:var( --e-global-typography-c300c25-word-spacing );}.elementor-727 .elementor-element.elementor-element-712cec .elementor-heading-title{font-size:var( --e-global-typography-secondary-font-size );line-height:var( --e-global-typography-secondary-line-height );letter-spacing:var( --e-global-typography-secondary-letter-spacing );}.elementor-727 .elementor-element.elementor-element-e73521b{font-size:var( --e-global-typography-text-font-size );line-height:var( --e-global-typography-text-line-height );}}@media(max-width:767px){.elementor-727 .elementor-element.elementor-element-40ab1f78{--padding-top:50px;--padding-bottom:50px;--padding-left:50px;--padding-right:50px;}.elementor-727 .elementor-element.elementor-element-4a6a4aa7 .elementor-heading-title{font-size:var( --e-global-typography-c300c25-font-size );line-height:var( --e-global-typography-c300c25-line-height );letter-spacing:var( --e-global-typography-c300c25-letter-spacing );word-spacing:var( --e-global-typography-c300c25-word-spacing );}.elementor-727 .elementor-element.elementor-element-712cec .elementor-heading-title{font-size:var( --e-global-typography-secondary-font-size );line-height:var( --e-global-typography-secondary-line-height );letter-spacing:var( --e-global-typography-secondary-letter-spacing );}.elementor-727 .elementor-element.elementor-element-e73521b{font-size:var( --e-global-typography-text-font-size );line-height:var( --e-global-typography-text-line-height );}}<\/style>\t\t<div data-elementor-type=\"wp-page\" data-elementor-id=\"727\" class=\"elementor elementor-727\" data-elementor-post-type=\"page\">\n\t\t\t\t<div class=\"elementor-element elementor-element-40ab1f78 e-flex e-con-boxed e-con e-parent\" data-id=\"40ab1f78\" data-element_type=\"container\" data-e-type=\"container\" data-settings=\"{&quot;background_background&quot;:&quot;classic&quot;,&quot;jet_parallax_layout_list&quot;:[]}\">\n\t\t\t\t\t<div class=\"e-con-inner\">\n\t\t\t\t\t<\/div>\n\t\t\t\t<\/div>\n\t\t<div class=\"elementor-element elementor-element-546ef899 e-flex e-con-boxed e-con e-parent\" data-id=\"546ef899\" data-element_type=\"container\" data-e-type=\"container\" data-settings=\"{&quot;jet_parallax_layout_list&quot;:[]}\">\n\t\t\t\t\t<div class=\"e-con-inner\">\n\t\t<div class=\"elementor-element elementor-element-7d315481 e-con-full e-flex e-con e-child\" data-id=\"7d315481\" data-element_type=\"container\" data-e-type=\"container\" data-settings=\"{&quot;jet_parallax_layout_list&quot;:[]}\">\n\t\t\t\t<div class=\"elementor-element elementor-element-4a6a4aa7 elementor-widget elementor-widget-heading\" data-id=\"4a6a4aa7\" data-element_type=\"widget\" data-e-type=\"widget\" data-widget_type=\"heading.default\">\n\t\t\t\t<div class=\"elementor-widget-container\">\n\t\t\t\t\t<h2 class=\"elementor-heading-title elementor-size-default\">Version vom 7-7-2018<\/h2>\t\t\t\t<\/div>\n\t\t\t\t<\/div>\n\t\t\t\t<div class=\"elementor-element elementor-element-712cec elementor-widget elementor-widget-heading\" data-id=\"712cec\" data-element_type=\"widget\" data-e-type=\"widget\" data-widget_type=\"heading.default\">\n\t\t\t\t<div class=\"elementor-widget-container\">\n\t\t\t\t\t<h2 class=\"elementor-heading-title elementor-size-default\">Cookie-Politik<\/h2>\t\t\t\t<\/div>\n\t\t\t\t<\/div>\n\t\t\t\t<div class=\"elementor-element elementor-element-e73521b elementor-widget elementor-widget-text-editor\" data-id=\"e73521b\" data-element_type=\"widget\" data-e-type=\"widget\" data-widget_type=\"text-editor.default\">\n\t\t\t\t<div class=\"elementor-widget-container\">\n\t\t\t\t\t\t\t\t\t<p>Nolabel Interieur &amp; Lifestyle verwendet Cookies und andere Techniken auf seiner Website und den damit verbundenen Websites (im Folgenden als \"Website\" bezeichnet). Da wir Ihre Privatsph\u00e4re sch\u00fctzen und die Benutzerfreundlichkeit Ihrer Besuche auf unserer Website verbessern m\u00f6chten, halten wir es f\u00fcr wichtig, dass Sie wissen, wie und warum wir Cookies verwenden. Im Folgenden geben wir Ihnen so viele Informationen wie m\u00f6glich \u00fcber die Verwendung dieser Techniken, einschlie\u00dflich der Cookies durch\u00a0<a href=\"https:\/\/nolabel.nu\/de\/\">www.nolabel.nu<\/a>.<\/p><p>Wer ist f\u00fcr die Verarbeitung Ihrer Daten verantwortlich?<br \/>Nolabel Interieur &amp; Lifestyle mit Sitz in der Minckelersstraat 10 in Maastricht ist der f\u00fcr die Datenverarbeitung Verantwortliche, wie in dieser Cookie-Richtlinie beschrieben.<\/p><h3>Was sind Cookies?<\/h3><p>Cookies sind kleine, einfache Textdateien, die Ihr Computer oder mobiles Ger\u00e4t speichert, wenn Sie unsere Website nutzen. Es gibt auch Cookie-\u00e4hnliche Techniken, die die gleichen Ergebnisse erzielen.<\/p><h3>Welche anderen Cookie-\u00e4hnlichen Techniken gibt es?<\/h3><p>Lokale Speicherung und Sitzungsspeicherung sind Standard-Internet-Techniken, die manchmal mit Cookies zusammenarbeiten, um einem System zu erm\u00f6glichen, Informationen zu sammeln und dann zu senden. Cookies und andere Techniken werden auf allen bestehenden Websites verwendet. Durch die Verwendung von Cookies und anderen Techniken stellen wir zum Beispiel sicher, dass:<\/p><ul><li>So macht das Surfen auf der Nolabel Interior &amp; Lifestyle Website mehr Spa\u00df und ist einfacher f\u00fcr Sie;<\/li><li>Sie erhalten nicht bei jedem Besuch unserer Website dieselben Informationen und m\u00fcssen diese auch nicht jedes Mal neu eingeben;<\/li><li>Wir k\u00f6nnen Ihnen spezielle Funktionalit\u00e4ten wie die Wunschliste oder Ihren Warenkorb anbieten;<\/li><li>Wir k\u00f6nnen messen, wie unsere Website genutzt wird und wo wir sie noch verbessern k\u00f6nnen;<\/li><li>Wir k\u00f6nnen erkennen, welches Ger\u00e4t Sie verwenden, wenn Sie uns besuchen;<\/li><\/ul><h3><br \/>Cookies von Dritten<\/h3><p>\u00dcber unsere Website werden auch Cookies von Dritten gesetzt. Die Verwendung von Cookies durch andere Unternehmen unterliegt den Datenschutz- und Cookie-Richtlinien des jeweiligen Unternehmens.<\/p><h3>Welche Cookies verwenden wir? Kurz gefasst:<\/h3><p>Funktionale Cookies oder notwendige Cookies<br \/>Funktionale Cookies sorgen daf\u00fcr, dass unsere Website korrekt funktioniert. Denken Sie an Funktionalit\u00e4ten wie das Speichern der Daten, die Sie in einem Formular verwenden, damit es ausgef\u00fcllt werden kann.<\/p><p>Analytische Cookies<br \/>Mit Hilfe von Analyse-Cookies sammeln wir mit Hilfe von Dritten Statistiken \u00fcber die Nutzung unserer Website. Durch die Messung der Website-Nutzung k\u00f6nnen wir unsere Website zum Nutzen unserer Nutzer weiter verbessern.<\/p><p>Marketing-Cookies<br \/>Dritte k\u00f6nnen Marketing-Cookies auf unserer Website platzieren. Wir k\u00f6nnen die Informationen aus diesen Marketing-Cookies verwenden. Wir tun dies, damit wir Ihnen auf der Grundlage Ihres Online-Surf-, Such- und Kaufverhaltens m\u00f6glichst relevante Informationen zur Verf\u00fcgung stellen k\u00f6nnen.<\/p><h3>Funktionale oder notwendige Cookies<\/h3><p>Funktionale oder notwendige Cookies sorgen daf\u00fcr, dass die Website von Nolabel Interieur &amp; Lifestyle ordnungsgem\u00e4\u00df funktioniert. Beispiele hierf\u00fcr sind:<br \/>Erinnern Sie sich an die Artikel, die Sie auf Ihre Wunschliste setzen, und speichern Sie sie;<br \/>Benachrichtigung, wenn eine Bestellung nicht abgeschlossen wurde, damit keine Artikel im Einkaufswagen verloren gehen;<br \/>Gespeicherte Browsereinstellungen, damit Sie unsere Website optimal auf Ihrem Bildschirm sehen k\u00f6nnen;<br \/>Die M\u00f6glichkeit, Ihre Anmeldedaten zu speichern, damit Sie sie nicht jedes Mal neu eingeben m\u00fcssen;<br \/>Die M\u00f6glichkeit, auf Beitr\u00e4ge auf unserer Website zu antworten;<br \/>Eine gleichm\u00e4\u00dfige Belastung der Website, damit sie leicht zug\u00e4nglich ist und weiterhin optimal funktioniert;<br \/>Erkennung von m\u00f6glichem Missbrauch oder potenziellen Problemen auf unserer Website, z. B. durch Aufzeichnung aufeinanderfolgender fehlgeschlagener Anmeldeversuche.<\/p><h3>Analytische Cookies<\/h3><p>Wir verwenden mit Hilfe von Dritten analytische Cookies, um die Nutzung der Website zu untersuchen. Diese Statistiken geben uns u. a. Aufschluss dar\u00fcber, wie oft wir besucht werden und wo wir unsere Website verbessern k\u00f6nnen. Auf diese Weise k\u00f6nnen wir das Erlebnis mit unserer Website kontinuierlich optimieren. Es werden unter anderem die folgenden Daten gespeichert:<\/p><ul><li>IP-Adresse anonymisiert;<\/li><li>Technische Merkmale, wie z. B. der von Ihnen verwendete Browser (z. B. Chrome, Safari oder Firefox), die Aufl\u00f6sung Ihres Computerbildschirms, Ihre Sprachpr\u00e4ferenz und das von Ihnen verwendete Ger\u00e4t;<\/li><li>Von welcher Seite Sie auf die Website gekommen sind;<\/li><li>Wann und wie lange Sie die Website besuchen oder nutzen;<\/li><li>Ob Sie die Funktionen der Website nutzen. Zum Beispiel, um eine Wunschliste zu erstellen, eine Bestellung aufzugeben oder fr\u00fchere Eink\u00e4ufe einzusehen;<\/li><li>Welche Seiten Sie auf unserer Website besuchen.<\/li><li>Wir verwenden diese Cookies zum Beispiel, um:<\/li><li>Verfolgen Sie die Anzahl der Besucher auf unserer Website;<\/li><li>Um zu messen, wie lange ein Besuch dauert;<\/li><li>Zur Ermittlung der Reihenfolge, in der ein Besucher die verschiedenen Seiten unserer Website besucht.<\/li><\/ul><h3>Marketing-Cookies<\/h3><p>F\u00fcr Cookies, die von Dritten zu Marketingzwecken gesetzt werden, lesen Sie bitte die Erkl\u00e4rungen auf den Websites dieser Dritten. Da sich diese Erkl\u00e4rungen regelm\u00e4\u00dfig \u00e4ndern k\u00f6nnen, empfehlen wir Ihnen, diese Datenschutz- und Cookie-Erkl\u00e4rungen regelm\u00e4\u00dfig zu lesen. Die folgenden Parteien setzen Cookies und\/oder andere Techniken auf unserer Website ein:<\/p><ul><li><a href=\"https:\/\/www.google.com\/policies\/privacy\/\" target=\"_blank\" rel=\"noopener\">Google<\/a><\/li><li><a href=\"https:\/\/www.facebook.com\/privacy\/explanation\" target=\"_blank\" rel=\"noopener\">Facebook<\/a><\/li><\/ul><p><br \/>Um Ihre Einstellungen f\u00fcr Marketing-Cookies bei anderen Parteien zu verwalten, besuchen Sie bitte deren Websites:<\/p><ul><li><a href=\"https:\/\/www.google.com\/policies\/privacy\/\" target=\"_blank\" rel=\"noopener\">Google<\/a><\/li><li><a href=\"https:\/\/www.facebook.com\/privacy\/explanation\" target=\"_blank\" rel=\"noopener\">Facebook<\/a><\/li><\/ul><p><br \/>Wir verwenden Marketing-Cookies nur, wenn Sie Ihre Zustimmung gegeben haben. Wie Sie diese Cookies ablehnen k\u00f6nnen, sehen Sie unten in den Browsereinstellungen.<\/p><h3>Browser-Einstellungen<\/h3><p>Wenn Sie nicht m\u00f6chten, dass Websites Cookies auf Ihrem Computer speichern k\u00f6nnen, k\u00f6nnen Sie Ihre Browsereinstellungen \u00e4ndern. Sie erhalten dann eine Warnung, bevor ein Cookie gesetzt wird. Sie k\u00f6nnen Ihren Browser auch so einstellen, dass er alle Cookies oder nur Cookies von Drittanbietern ablehnt. Sie k\u00f6nnen auch bereits gesetzte Cookies l\u00f6schen. Bitte beachten Sie, dass Sie die Einstellungen f\u00fcr jeden Browser und jedes Ger\u00e4t, das Sie benutzen, separat vornehmen m\u00fcssen. Bitte beachten Sie, dass wir, wenn Sie keine Cookies verwenden m\u00f6chten, leider nicht f\u00fcr das ordnungsgem\u00e4\u00dfe Funktionieren unserer Website garantieren k\u00f6nnen. Es kann sein, dass einige Funktionen der Website verloren gehen oder dass Sie bestimmte Seiten gar nicht sehen k\u00f6nnen. Dar\u00fcber hinaus bedeutet die Ablehnung von Cookies nicht, dass Sie keine Werbung mehr sehen werden. Die Werbung ist dann nur nicht mehr auf Ihre Interessen zugeschnitten und wird h\u00e4ufiger wiederholt. Wie Sie Ihre Einstellungen anpassen k\u00f6nnen, ist von Browser zu Browser verschieden. Klicken Sie auf einen der nachstehenden Links, um direkt zum Handbuch Ihres Browsers zu gelangen, oder konsultieren Sie bei Bedarf die Hilfefunktion Ihres Browsers.<\/p><ul><li><a href=\"https:\/\/support.google.com\/chrome\/answer\/95647?hl=nl\" target=\"_blank\" rel=\"noopener\">Chrom<\/a><\/li><li><a href=\"https:\/\/support.apple.com\/nl-nl\/HT201265\" target=\"_blank\" rel=\"noopener\">Safari<\/a><\/li><li><a href=\"https:\/\/support.mozilla.org\/nl\/kb\/cookies-verwijderen-gegevens-wissen-websites-opgeslagen\" target=\"_blank\" rel=\"noopener\">Firefox<\/a><\/li><li><a href=\"https:\/\/privacy.microsoft.com\/nl-nl\/windows-10-microsoft-edge-and-privacy\" target=\"_blank\" rel=\"noopener\">Internet Explorer Rand<\/a><\/li><\/ul><p><br \/>Wenn Sie die Cookies von bestimmten Parteien deaktivieren m\u00f6chten, k\u00f6nnen Sie dies tun \u00fcber\u00a0<a href=\"https:\/\/nolabel.nu\/de\/node\/www.youronlinechoices.com\/\">www.youronlinechoices.com<\/a>.<\/p><h3>Cookie-Verlauf l\u00f6schen<\/h3><p>Wenn Sie Ihren Cookie-Verlauf l\u00f6schen m\u00f6chten, k\u00f6nnen Sie dies f\u00fcr verschiedene Browser auf die unten beschriebene Weise tun.<br \/>Cookies in Chrome l\u00f6schen:<br \/>Klicken Sie auf die 3 Punkte oben rechts. Klicken Sie auf Verlauf &gt; Verlauf &gt; Browsing-Daten l\u00f6schen.<br \/>Im Men\u00fc \"Browsing-Daten l\u00f6schen\" haben Sie oben die M\u00f6glichkeit, die Browsing-Daten von der ersten Nutzung bis zur letzten Stunde zu l\u00f6schen. Darunter k\u00f6nnen Sie ausw\u00e4hlen, welche Elemente Sie l\u00f6schen m\u00f6chten. Kreuzen Sie auf jeden Fall \"Cookies und andere Website- und Plugin-Daten\" an.<br \/>Dr\u00fccken Sie die Schaltfl\u00e4che \"Browserdaten l\u00f6schen\".<\/p><p>Cookies in Safari l\u00f6schen:<br \/>\u00d6ffnen Sie Safari und gehen Sie zu Safari &gt; Einstellungen &gt; Datenschutz &gt; Gespeicherte Cookies und Daten l\u00f6schen &gt; Website-Daten verwalten &gt; Alle l\u00f6schen.<\/p><p>Cookies in Firefox l\u00f6schen:<br \/>Klicken Sie auf die 3 Striche oben rechts und dann auf Optionen &gt; Datenschutz &gt; Einzelne Cookies l\u00f6schen.<br \/>Klicken Sie auf \"Alle l\u00f6schen\".<\/p><p>Cookies in Microsoft Edge l\u00f6schen:<br \/>Klicken Sie auf die 3 Punkte oben rechts &gt; Einstellungen. Klicken Sie unter \"Browsing-Daten l\u00f6schen\" auf die Option \"Ausw\u00e4hlen, was gel\u00f6scht werden soll\".<br \/>W\u00e4hlen Sie die Cookies (vorausgew\u00e4hlt) &gt; Dr\u00fccken Sie die Schaltfl\u00e4che \"L\u00f6schen\".<\/p><p>Cookies im Internet Explorer l\u00f6schen:<br \/>Klicken Sie auf das Zahnrad oben rechts &gt; w\u00e4hlen Sie Internetoptionen &gt; Registerkarte Allgemein. Klicken Sie unter \"Browserverlauf\" auf \"L\u00f6schen\".<br \/>Sie wollen nicht alles l\u00f6schen? Dann kreuzen Sie zumindest \"Cookies und Website-Daten\" an und klicken Sie auf \"L\u00f6schen\".<\/p><h3>Die Datenschutzpolitik von Nolabel Interieur &amp; Lifestyle<\/h3><p>Bei der Verwendung einiger Cookies werden auch personenbezogene Daten verarbeitet, wie Sie oben gelesen haben. Weitere Informationen dar\u00fcber, wie Nolabel Interieur &amp; Lifestyle mit Ihren Daten umgeht, finden Sie in unserer Datenschutzrichtlinie.<\/p><h3>Abschlie\u00dfende Bemerkungen<\/h3><p>Wir aktualisieren unsere Cookie-Richtlinie, wenn sich unsere Website oder die Regeln f\u00fcr Cookies \u00e4ndern. Sie k\u00f6nnen die aktuelle Version dieser Cookie-Richtlinie einsehen, indem Sie auf den Link zur Cookie-Richtlinie von Nolabel Interieur &amp; Lifestyle unten auf jeder Seite klicken<\/p>\t\t\t\t\t\t\t\t<\/div>\n\t\t\t\t<\/div>\n\t\t\t\t<\/div>\n\t\t\t\t\t<\/div>\n\t\t\t\t<\/div>\n\t\t\t\t<\/div>","protected":false},"excerpt":{"rendered":"<p>Versie van 7-7-2018 Cookie beleid Nolabel Interieur &amp; Lifestyle maakt gebruik van cookies en overige technieken op zijn website en aanverwante sites (hierna de \u2018website\u2019). Omdat wij jouw privacy willen waarborgen \u00e9n de gebruiksvriendelijkheid van je bezoek(en) aan onze website willen verbeteren, vinden wij het belangrijk dat je weet hoe en waarom wij cookies gebruiken. [&hellip;]<\/p>\n","protected":false},"author":1,"featured_media":0,"parent":0,"menu_order":0,"comment_status":"closed","ping_status":"closed","template":"","meta":{"footnotes":""},"class_list":["post-727","page","type-page","status-publish","hentry"],"_links":{"self":[{"href":"https:\/\/nolabel.nu\/de\/wp-json\/wp\/v2\/pages\/727","targetHints":{"allow":["GET"]}}],"collection":[{"href":"https:\/\/nolabel.nu\/de\/wp-json\/wp\/v2\/pages"}],"about":[{"href":"https:\/\/nolabel.nu\/de\/wp-json\/wp\/v2\/types\/page"}],"author":[{"embeddable":true,"href":"https:\/\/nolabel.nu\/de\/wp-json\/wp\/v2\/users\/1"}],"replies":[{"embeddable":true,"href":"https:\/\/nolabel.nu\/de\/wp-json\/wp\/v2\/comments?post=727"}],"version-history":[{"count":4,"href":"https:\/\/nolabel.nu\/de\/wp-json\/wp\/v2\/pages\/727\/revisions"}],"predecessor-version":[{"id":731,"href":"https:\/\/nolabel.nu\/de\/wp-json\/wp\/v2\/pages\/727\/revisions\/731"}],"wp:attachment":[{"href":"https:\/\/nolabel.nu\/de\/wp-json\/wp\/v2\/media?parent=727"}],"curies":[{"name":"wp","href":"https:\/\/api.w.org\/{rel}","templated":true}]}}