{"id":696,"date":"2025-06-06T10:26:06","date_gmt":"2025-06-06T08:26:06","guid":{"rendered":"https:\/\/nolabel.043test.nl\/?page_id=696"},"modified":"2025-06-06T12:49:05","modified_gmt":"2025-06-06T10:49:05","slug":"bedingungen-und-konditionen","status":"publish","type":"page","link":"https:\/\/nolabel.nu\/de\/algemene-voorwaarden\/","title":{"rendered":"Allgemeine Bedingungen und Konditionen"},"content":{"rendered":"<div data-elementor-type=\"wp-page\" data-elementor-id=\"696\" class=\"elementor elementor-696\" data-elementor-post-type=\"page\">\n\t\t\t\t<div class=\"elementor-element elementor-element-40ab1f78 e-flex e-con-boxed e-con e-parent\" data-id=\"40ab1f78\" data-element_type=\"container\" data-e-type=\"container\" data-settings=\"{&quot;background_background&quot;:&quot;classic&quot;,&quot;jet_parallax_layout_list&quot;:[]}\">\n\t\t\t\t\t<div class=\"e-con-inner\">\n\t\t\t\t\t<\/div>\n\t\t\t\t<\/div>\n\t\t<div class=\"elementor-element elementor-element-546ef899 e-flex e-con-boxed e-con e-parent\" data-id=\"546ef899\" data-element_type=\"container\" data-e-type=\"container\" data-settings=\"{&quot;jet_parallax_layout_list&quot;:[]}\">\n\t\t\t\t\t<div class=\"e-con-inner\">\n\t\t<div class=\"elementor-element elementor-element-7d315481 e-con-full e-flex e-con e-child\" data-id=\"7d315481\" data-element_type=\"container\" data-e-type=\"container\" data-settings=\"{&quot;jet_parallax_layout_list&quot;:[]}\">\n\t\t\t\t<div class=\"elementor-element elementor-element-4a6a4aa7 elementor-widget elementor-widget-heading\" data-id=\"4a6a4aa7\" data-element_type=\"widget\" data-e-type=\"widget\" data-widget_type=\"heading.default\">\n\t\t\t\t<div class=\"elementor-widget-container\">\n\t\t\t\t\t<h2 class=\"elementor-heading-title elementor-size-default\">29 - 7 - 2020. v1.0<\/h2>\t\t\t\t<\/div>\n\t\t\t\t<\/div>\n\t\t\t\t<div class=\"elementor-element elementor-element-712cec elementor-widget elementor-widget-heading\" data-id=\"712cec\" data-element_type=\"widget\" data-e-type=\"widget\" data-widget_type=\"heading.default\">\n\t\t\t\t<div class=\"elementor-widget-container\">\n\t\t\t\t\t<h2 class=\"elementor-heading-title elementor-size-default\">Allgemeine Bedingungen und Konditionen<\/h2>\t\t\t\t<\/div>\n\t\t\t\t<\/div>\n\t\t\t\t<div class=\"elementor-element elementor-element-e73521b elementor-widget elementor-widget-text-editor\" data-id=\"e73521b\" data-element_type=\"widget\" data-e-type=\"widget\" data-widget_type=\"text-editor.default\">\n\t\t\t\t<div class=\"elementor-widget-container\">\n\t\t\t\t\t\t\t\t\t<h3>Artikel 1: Begriffsbestimmungen<\/h3><p>1. Nolabel, mit Sitz in der Minckelersstraat 10, 6211GX in Maastricht, KvK-Nummer 09205883, wird in diesen allgemeinen Gesch\u00e4ftsbedingungen als Verk\u00e4ufer bezeichnet.<br \/>2. Die Gegenpartei des Verk\u00e4ufers wird in diesen Allgemeinen Gesch\u00e4ftsbedingungen als K\u00e4ufer bezeichnet.<br \/>3. Die Parteien sind Verk\u00e4ufer und K\u00e4ufer gemeinsam.<br \/>4. Vertrag ist der Kaufvertrag zwischen den Parteien.<\/p><h3>Artikel 2: Anwendbarkeit der Allgemeinen Gesch\u00e4ftsbedingungen (AGB)<\/h3><p>1. Diese Bedingungen gelten f\u00fcr alle Angebote, Offerten, Vertr\u00e4ge und Lieferungen von Dienstleistungen oder Waren durch oder im Namen des Verk\u00e4ufers.<br \/>2. Abweichungen von diesen Bedingungen sind nur m\u00f6glich, wenn sie von den Parteien ausdr\u00fccklich und schriftlich vereinbart werden.<\/p><h3>Artikel 3: Zahlung<\/h3><p>1. Der volle Kaufpreis wird immer sofort im Online-Shop bezahlt.<\/p><h3>Artikel 4: Angebote, Kostenvoranschl\u00e4ge und Preise<\/h3><p>1. Angebote sind unverbindlich, es sei denn, im Angebot ist eine Frist f\u00fcr die Annahme angegeben. Wird das Angebot nicht innerhalb dieser Frist angenommen, so verf\u00e4llt es.<br \/>2. Die in den Angeboten angegebenen Lieferzeiten sind Richtwerte und berechtigen den K\u00e4ufer bei \u00dcberschreitung nicht zur Aufl\u00f6sung oder zum Schadenersatz, es sei denn, die Parteien haben ausdr\u00fccklich schriftlich etwas anderes vereinbart.<br \/>3. Die Angebote und Kostenvoranschl\u00e4ge gelten nicht automatisch f\u00fcr Nachbestellungen. Die Parteien m\u00fcssen dies ausdr\u00fccklich und schriftlich vereinbaren.<br \/>4. Der in den Angeboten, Offerten und Rechnungen angegebene Preis besteht aus dem Kaufpreis einschlie\u00dflich der f\u00e4lligen Mehrwertsteuer.<\/p><h3>Artikel 5: Recht auf Widerruf<\/h3><p>1. Nach Erhalt der Bestellung ist der K\u00e4ufer berechtigt, den Vertrag innerhalb von 14 Tagen ohne Angabe von Gr\u00fcnden aufzul\u00f6sen (Widerrufsrecht). Die Frist beginnt ab dem Zeitpunkt des Eingangs der (gesamten) Bestellung beim Verbraucher.<br \/>2. Es besteht kein Widerrufsrecht, wenn die Produkte nach seinen Spezifikationen angefertigt werden.<br \/>3. Der K\u00e4ufer kann ein vom Verk\u00e4ufer zur Verf\u00fcgung gestelltes R\u00fccktrittsformular verwenden. Der Verk\u00e4ufer ist verpflichtet, dieses dem K\u00e4ufer unverz\u00fcglich nach dessen Aufforderung zur Verf\u00fcgung zu stellen.<br \/>4. W\u00e4hrend der Bedenkzeit geht der Verbraucher mit dem Produkt und seiner Verpackung sorgf\u00e4ltig um. Er wird das Produkt nur in dem Ma\u00dfe auspacken oder benutzen, wie es notwendig ist, um zu beurteilen, ob er das Produkt behalten m\u00f6chte. Macht er von seinem Widerrufsrecht Gebrauch, so sendet er das unbenutzte und unbesch\u00e4digte Produkt mit s\u00e4mtlichem gelieferten Zubeh\u00f6r und - soweit zumutbar - in der Originalverpackung an den Verk\u00e4ufer zur\u00fcck, und zwar gem\u00e4\u00df den vom Unternehmer erteilten angemessenen und klaren Anweisungen.                5. Gekaufte Geschenkgutscheine sind ein Jahr lang g\u00fcltig und k\u00f6nnen nicht zur\u00fcckgegeben werden.<\/p><h3>Artikel 6: \u00c4nderung des Abkommens<\/h3><p>1. Stellt sich w\u00e4hrend der Ausf\u00fchrung des Vertrags heraus, dass es f\u00fcr eine ordnungsgem\u00e4\u00dfe Ausf\u00fchrung des Auftrags erforderlich ist, die zu verrichtenden Arbeiten zu \u00e4ndern oder zu erg\u00e4nzen, so passen die Parteien den Vertrag rechtzeitig und in gegenseitiger Absprache entsprechend an.<br \/>2. Vereinbaren die Parteien, dass der Vertrag ge\u00e4ndert oder erg\u00e4nzt wird, so kann sich dies auf den Zeitpunkt des Abschlusses der Ausf\u00fchrung auswirken. Der Verk\u00e4ufer teilt dies dem K\u00e4ufer so schnell wie m\u00f6glich mit.<br \/>3. Hat die \u00c4nderung oder Erg\u00e4nzung des Vertrages finanzielle und\/oder qualitative Auswirkungen, so unterrichtet der Verk\u00e4ufer den K\u00e4ufer vorab schriftlich dar\u00fcber.<br \/>4. Haben die Parteien einen Festpreis vereinbart, so hat der Verk\u00e4ufer auch anzugeben, inwieweit die \u00c4nderung oder Erg\u00e4nzung des Vertrages zu einer \u00dcberschreitung dieses Preises f\u00fchrt.<br \/>5. Ungeachtet der Bestimmungen des dritten Absatzes dieses Artikels kann der Verk\u00e4ufer keine zus\u00e4tzlichen Kosten in Rechnung stellen, wenn die \u00c4nderung oder Erg\u00e4nzung auf Umst\u00e4nde zur\u00fcckzuf\u00fchren ist, die ihm zuzurechnen sind.<\/p><h3>Artikel 7: Fertigstellung und Gefahr\u00fcbergang<\/h3><p>1. Sobald der Kaufgegenstand beim K\u00e4ufer eingeht, geht die Gefahr vom Verk\u00e4ufer auf den K\u00e4ufer \u00fcber.<\/p><h3>Artikel 8: Pr\u00fcfung, Beschwerden<\/h3><p>1. Der K\u00e4ufer ist verpflichtet, die gelieferten Waren zum Zeitpunkt der Lieferung, auf jeden Fall aber innerhalb einer m\u00f6glichst kurzen Frist, zu untersuchen oder untersuchen zu lassen. Dabei hat der K\u00e4ufer zu pr\u00fcfen, ob die gelieferten Waren in Qualit\u00e4t und Quantit\u00e4t dem entsprechen, was die Parteien vereinbart haben, oder ob sie zumindest in Qualit\u00e4t und Quantit\u00e4t den Anforderungen entsprechen, die im normalen (Handels-)Verkehr an sie gestellt werden.<br \/>2. Beanstandungen wegen Besch\u00e4digung, Fehlmengen oder Verlust der gelieferten Waren m\u00fcssen dem Verk\u00e4ufer innerhalb von 10 Werktagen ab dem Tag der Lieferung der Waren durch den K\u00e4ufer schriftlich mitgeteilt werden.<br \/>3. Wird der Beanstandung innerhalb der genannten Frist stattgegeben, hat der Verk\u00e4ufer das Recht, entweder nachzubessern, neu zu liefern oder auf die Lieferung zu verzichten und dem K\u00e4ufer eine Gutschrift \u00fcber den entsprechenden Teil des Kaufpreises zu erteilen.<br \/>4. Geringf\u00fcgige und\/oder branchen\u00fcbliche Abweichungen und Unterschiede in Qualit\u00e4t, Anzahl, Gr\u00f6\u00dfe oder Ausf\u00fchrung k\u00f6nnen dem Verk\u00e4ufer nicht angelastet werden.<br \/>5. Reklamationen, die sich auf ein bestimmtes Produkt beziehen, wirken sich nicht auf andere Produkte oder Teile desselben Vertrags aus.<br \/>6. Reklamationen sind ausgeschlossen, nachdem die Ware im Betrieb des K\u00e4ufers bearbeitet worden ist.<\/p><h3>Artikel 9: Muster und Modelle<\/h3><p>1. Wurde dem K\u00e4ufer ein Muster oder Modell gezeigt oder zur Verf\u00fcgung gestellt, so wird davon ausgegangen, dass es nur als Anhaltspunkt diente, ohne dass die zu liefernde Ware damit \u00fcbereinstimmen muss. Etwas anderes gilt, wenn die Parteien ausdr\u00fccklich vereinbart haben, dass die zu liefernde Ware damit \u00fcbereinstimmen soll.<\/p><h3>Artikel 10: Lieferung<\/h3><p>1. Die Lieferung erfolgt \"ab Werk\/Laden\/Lager\". Dies bedeutet, dass alle Kosten zu Lasten des K\u00e4ufers gehen, es sei denn, die Parteien haben etwas anderes vereinbart.<br \/>2. Der K\u00e4ufer ist verpflichtet, die Waren zu dem Zeitpunkt abzunehmen, zu dem der Verk\u00e4ufer sie ihm liefert oder liefern l\u00e4sst, oder zu dem Zeitpunkt, zu dem ihm diese Waren vertragsgem\u00e4\u00df zur Verf\u00fcgung gestellt werden.<br \/>3. Verweigert der K\u00e4ufer die Annahme der Ware oder unterl\u00e4sst er es, die f\u00fcr die Lieferung erforderlichen Angaben oder Anweisungen zu erteilen, so ist der Verk\u00e4ufer berechtigt, die Ware auf Kosten und Gefahr des K\u00e4ufers zu lagern.<br \/>4. Wird die Ware geliefert, so ist der Verk\u00e4ufer berechtigt, die Lieferkosten in Rechnung zu stellen.<br \/>5. Ben\u00f6tigt der Verk\u00e4ufer f\u00fcr die Ausf\u00fchrung des Vertrags Daten des K\u00e4ufers, so beginnt die Lieferfrist, nachdem der K\u00e4ufer diese Daten dem Verk\u00e4ufer zur Verf\u00fcgung gestellt hat.<br \/>6. Eine vom Verk\u00e4ufer angegebene Lieferfrist ist ein Richtwert. Sie ist niemals eine Frist. Wird die Frist \u00fcberschritten, muss der K\u00e4ufer den Verk\u00e4ufer schriftlich in Verzug setzen.<br \/>7. Der Verk\u00e4ufer ist berechtigt, die Ware in Teilen zu liefern, es sei denn, die Parteien haben schriftlich etwas anderes vereinbart oder einer Teillieferung kann kein eigenst\u00e4ndiger Wert beigemessen werden. Im Falle einer Teillieferung ist der Verk\u00e4ufer berechtigt, diese Teile gesondert in Rechnung zu stellen.<\/p><h3>Artikel 11: H\u00f6here Gewalt<\/h3><p>1. Kann der Verk\u00e4ufer seine vertraglichen Verpflichtungen aufgrund h\u00f6herer Gewalt nicht, nicht rechtzeitig oder nicht ordnungsgem\u00e4\u00df erf\u00fcllen, so haftet er nicht f\u00fcr Sch\u00e4den, die dem K\u00e4ufer entstehen.<br \/>2. Unter h\u00f6herer Gewalt verstehen die Parteien in jedem Fall einen Umstand, den der Verk\u00e4ufer zum Zeitpunkt des Vertragsabschlusses nicht in Betracht ziehen konnte.<br \/>und infolge derer die normale Erf\u00fcllung des Vertrages vom K\u00e4ufer vern\u00fcnftigerweise nicht verlangt werden kann, wie z. B. Krankheit, Krieg oder Kriegsgefahr, B\u00fcrgerkrieg und Aufruhr, Kriegshandlungen, Sabotage, Terrorismus, Energieausfall, \u00dcberschwemmungen, Erdbeben, Feuer, Sitzstreiks, Aussperrung von Arbeitern, ge\u00e4nderte staatliche Ma\u00dfnahmen, Transportschwierigkeiten und andere St\u00f6rungen im Betrieb des Verk\u00e4ufers.<br \/>3. Unter h\u00f6herer Gewalt verstehen die Parteien ferner den Umstand, dass Zulieferer, von denen der Verk\u00e4ufer bei der Ausf\u00fchrung des Vertrags abh\u00e4ngig ist, ihren vertraglichen Verpflichtungen gegen\u00fcber dem Verk\u00e4ufer nicht nachkommen, es sei denn, dies ist dem Verk\u00e4ufer zuzurechnen.<br \/>4. Tritt eine der oben genannten Situationen ein, aufgrund derer der Verk\u00e4ufer seine Verpflichtungen gegen\u00fcber dem K\u00e4ufer nicht erf\u00fcllen kann, werden diese Verpflichtungen so lange ausgesetzt, wie der Verk\u00e4ufer seine Verpflichtungen nicht erf\u00fcllen kann. Hat die im vorstehenden Satz genannte Situation 30 Kalendertage gedauert, so haben die Parteien das Recht, den Vertrag schriftlich ganz oder teilweise aufzul\u00f6sen.<br \/>5. Falls die h\u00f6here Gewalt l\u00e4nger als drei Monate andauert, hat der K\u00e4ufer das Recht, den Vertrag mit sofortiger Wirkung aufzul\u00f6sen. Die Aufl\u00f6sung kann nur per Einschreiben erfolgen.<\/p><h3>Artikel 12: \u00dcbertragung von Rechten<\/h3><p>1. Die Rechte einer Partei aus diesem Vertrag k\u00f6nnen nicht ohne die vorherige schriftliche Zustimmung der anderen Partei \u00fcbertragen werden. Diese Bestimmung gilt als verm\u00f6gensrechtliche Klausel im Sinne von Artikel 3:83 Absatz 2 des B\u00fcrgerlichen Gesetzbuchs.<\/p><h3>Artikel 13: Eigentumsvorbehalt und Zur\u00fcckbehaltungsrecht<\/h3><p>1. Die beim Verk\u00e4ufer vorhandenen Waren sowie die gelieferten Waren und Teile bleiben Eigentum des Verk\u00e4ufers, bis der K\u00e4ufer den gesamten vereinbarten Preis bezahlt hat. Bis zu diesem Zeitpunkt kann der Verk\u00e4ufer seinen Eigentumsvorbehalt geltend machen und die Ware zur\u00fccknehmen.<br \/>2. Werden die vereinbarten, im Voraus zu zahlenden Betr\u00e4ge nicht oder nicht rechtzeitig gezahlt, so ist der Verk\u00e4ufer berechtigt, die Arbeiten auszusetzen, bis der vereinbarte Teil gezahlt worden ist. Dies gilt als Gl\u00e4ubigerverzug. Eine versp\u00e4tete Lieferung kann dem Verk\u00e4ufer in diesem Fall nicht angelastet werden.<br \/>3. Wenn die Ware noch nicht geliefert, aber die vereinbarte Vorauszahlung oder der Preis nicht vereinbarungsgem\u00e4\u00df gezahlt wurde, hat der Verk\u00e4ufer ein Zur\u00fcckbehaltungsrecht. Die Ware wird dann erst geliefert, wenn der K\u00e4ufer vollst\u00e4ndig und vertragsgem\u00e4\u00df gezahlt hat.<br \/>4. Im Falle der Liquidation, der Zahlungsunf\u00e4higkeit oder der Zahlungseinstellung des K\u00e4ufers werden die Verpflichtungen des K\u00e4ufers sofort f\u00e4llig und zahlbar.<\/p><h3>Artikel 14: Haftung<\/h3><p>1. Die Haftung f\u00fcr Sch\u00e4den, die sich aus der Erf\u00fcllung einer Vereinbarung ergeben oder damit zusammenh\u00e4ngen, ist stets auf den Betrag begrenzt, der im jeweiligen Fall durch die abgeschlossene(n) Haftpflichtversicherung(en) gedeckt ist<br \/>ausgezahlt. Dieser Betrag wird um den Betrag der Selbstbeteiligung gem\u00e4\u00df der jeweiligen Police erh\u00f6ht.<br \/>2. Nicht ausgeschlossen ist die Haftung des Verk\u00e4ufers f\u00fcr Sch\u00e4den, die auf vors\u00e4tzliche oder grob fahrl\u00e4ssige Handlungen des Verk\u00e4ufers oder seiner leitenden Angestellten zur\u00fcckzuf\u00fchren sind.<\/p><h3>Artikel 15: Die Pflicht zur Beschwerde<\/h3><p>1. Der K\u00e4ufer ist verpflichtet, Beanstandungen an den ausgef\u00fchrten Arbeiten unverz\u00fcglich dem Verk\u00e4ufer mitzuteilen. Die Reklamation muss eine m\u00f6glichst genaue Beschreibung des Mangels enthalten, damit der Verk\u00e4ufer angemessen reagieren kann.<br \/>2. Bei einer berechtigten Reklamation ist der Verk\u00e4ufer verpflichtet, die Ware zu reparieren und gegebenenfalls zu ersetzen.<\/p><h3>Artikel 17: Anwendbares Recht<\/h3><p>1. Dieser Vertrag zwischen Verk\u00e4ufer und K\u00e4ufer unterliegt ausschlie\u00dflich dem niederl\u00e4ndischen Recht. Die Zust\u00e4ndigkeit liegt beim niederl\u00e4ndischen Gericht.<br \/>2. Die Anwendbarkeit des Wiener Kaufrechts\u00fcbereinkommens ist ausgeschlossen.<br \/>3. Wenn in einem Gerichtsverfahren eine oder mehrere Bestimmungen dieser allgemeinen Gesch\u00e4ftsbedingungen als unangemessen belastend angesehen werden, bleiben die \u00fcbrigen Bestimmungen in vollem Umfang in Kraft.<\/p><h3>Artikel 18: Schiedsklausel<\/h3><p>1. Alle Streitigkeiten, die sich zwischen den Parteien \u00fcber die Auslegung des Vertrages in irgendeiner Form ergeben, seien sie tats\u00e4chlicher oder rechtlicher Art oder erg\u00e4ben sie sich daraus, werden durch ein Schiedsverfahren entschieden. Dabei spielt es keine Rolle, ob diese Streitigkeiten von einer oder beiden Parteien ber\u00fccksichtigt werden.<br \/>2. Den Vorsitz der Schlichtungsstelle f\u00fchrt stets ein Richter. Das Schiedsverfahren findet in der N\u00e4he des Wohnsitzes des Verbrauchers statt. Die Schlichter m\u00fcssen nach dem Gesetz entscheiden.<\/p>\t\t\t\t\t\t\t\t<\/div>\n\t\t\t\t<\/div>\n\t\t\t\t<\/div>\n\t\t\t\t\t<\/div>\n\t\t\t\t<\/div>\n\t\t\t\t<\/div>","protected":false},"excerpt":{"rendered":"<p>29 \u2013 7 \u2013 2020. v1.0 Algemene voorwaarden Artikel 1: Definities 1. Nolabel, gevestigd aan de Minckelersstraat 10, 6211GX te Maastricht, KvK-nummer 09205883, wordt in deze algemene voorwaarden aangeduid als verkoper.2. De wederpartij van verkoper wordt in deze algemene voorwaarden aangeduid als koper.3. Partijen zijn verkoper en koper samen.4. Met de overeenkomst wordt bedoeld de [&hellip;]<\/p>\n","protected":false},"author":1,"featured_media":0,"parent":0,"menu_order":0,"comment_status":"closed","ping_status":"closed","template":"","meta":{"footnotes":""},"class_list":["post-696","page","type-page","status-publish","hentry"],"_links":{"self":[{"href":"https:\/\/nolabel.nu\/de\/wp-json\/wp\/v2\/pages\/696","targetHints":{"allow":["GET"]}}],"collection":[{"href":"https:\/\/nolabel.nu\/de\/wp-json\/wp\/v2\/pages"}],"about":[{"href":"https:\/\/nolabel.nu\/de\/wp-json\/wp\/v2\/types\/page"}],"author":[{"embeddable":true,"href":"https:\/\/nolabel.nu\/de\/wp-json\/wp\/v2\/users\/1"}],"replies":[{"embeddable":true,"href":"https:\/\/nolabel.nu\/de\/wp-json\/wp\/v2\/comments?post=696"}],"version-history":[{"count":16,"href":"https:\/\/nolabel.nu\/de\/wp-json\/wp\/v2\/pages\/696\/revisions"}],"predecessor-version":[{"id":712,"href":"https:\/\/nolabel.nu\/de\/wp-json\/wp\/v2\/pages\/696\/revisions\/712"}],"wp:attachment":[{"href":"https:\/\/nolabel.nu\/de\/wp-json\/wp\/v2\/media?parent=696"}],"curies":[{"name":"wp","href":"https:\/\/api.w.org\/{rel}","templated":true}]}}